{"id":967,"date":"2022-08-31T07:14:53","date_gmt":"2022-08-31T07:14:53","guid":{"rendered":"https:\/\/startersites.io\/elementor\/charity\/?page_id=967"},"modified":"2024-07-11T19:23:44","modified_gmt":"2024-07-11T19:23:44","slug":"members","status":"publish","type":"page","link":"https:\/\/cbl-initiative.org\/en_en\/members\/","title":{"rendered":"MEMBERS"},"content":{"rendered":"<div data-elementor-type=\"wp-page\" data-elementor-id=\"967\" class=\"elementor elementor-967\">\n\t\t\t\t<div class=\"elementor-element elementor-element-cbe7094 e-flex e-con-boxed e-con e-parent\" data-id=\"cbe7094\" data-element_type=\"container\" data-e-type=\"container\">\n\t\t\t\t\t<div class=\"e-con-inner\">\n\t\t\t\t<div class=\"elementor-element elementor-element-e1fde4c elementor-widget elementor-widget-image\" data-id=\"e1fde4c\" data-element_type=\"widget\" data-e-type=\"widget\" data-widget_type=\"image.default\">\n\t\t\t\t<div class=\"elementor-widget-container\">\n\t\t\t\t\t\t\t\t\t\t\t\t<figure class=\"wp-caption\">\n\t\t\t\t\t\t\t\t\t\t<img fetchpriority=\"high\" decoding=\"async\" width=\"1024\" height=\"597\" src=\"https:\/\/cbl-initiative.org\/wp-content\/uploads\/2024\/07\/OUR-MEMBER-copie-compressed-1024x597.jpg\" class=\"attachment-large size-large wp-image-1281\" alt=\"\" srcset=\"https:\/\/cbl-initiative.org\/wp-content\/uploads\/2024\/07\/OUR-MEMBER-copie-compressed-1024x597.jpg 1024w, https:\/\/cbl-initiative.org\/wp-content\/uploads\/2024\/07\/OUR-MEMBER-copie-compressed-300x175.jpg 300w, https:\/\/cbl-initiative.org\/wp-content\/uploads\/2024\/07\/OUR-MEMBER-copie-compressed-768x448.jpg 768w, https:\/\/cbl-initiative.org\/wp-content\/uploads\/2024\/07\/OUR-MEMBER-copie-compressed-1536x896.jpg 1536w, https:\/\/cbl-initiative.org\/wp-content\/uploads\/2024\/07\/OUR-MEMBER-copie-compressed-2048x1194.jpg 2048w\" sizes=\"(max-width: 1024px) 100vw, 1024px\" \/>\t\t\t\t\t\t\t\t\t\t\t<figcaption class=\"widget-image-caption wp-caption-text\"><\/figcaption>\n\t\t\t\t\t\t\t\t\t\t<\/figure>\n\t\t\t\t\t\t\t\t\t<\/div>\n\t\t\t\t<\/div>\n\t\t\t\t\t<\/div>\n\t\t\t\t<\/div>\n\t\t<div class=\"elementor-element elementor-element-78ef9ef e-flex e-con-boxed e-con e-parent\" data-id=\"78ef9ef\" data-element_type=\"container\" data-e-type=\"container\">\n\t\t\t\t\t<div class=\"e-con-inner\">\n\t\t\t\t<div class=\"elementor-element elementor-element-18f09bf elementor-widget elementor-widget-text-editor\" data-id=\"18f09bf\" data-element_type=\"widget\" data-e-type=\"widget\" data-widget_type=\"text-editor.default\">\n\t\t\t\t<div class=\"elementor-widget-container\">\n\t\t\t\t\t\t\t\t\t<p>En avril 2024, les Initiatives des Leaders du Bassin du Congo rassemblent 33 membres fondateurs, signataires de notre charte constitutive. Ils s&rsquo;\u00e9tendent sur 5 pays (RD Congo, Congo-Brazzaville, Gabon, Cameroun et Guin\u00e9e).<\/p><p>\u00a0<\/p><p>Nous vous remercions de l&rsquo;int\u00e9r\u00eat que vous portez \u00e0 CBLI. Le portail de demande d&rsquo;adh\u00e9sion est actuellement ferm\u00e9 (sauf pour les participants au Conclave du bassin du Congo &lsquo;CBC&rsquo;). Si vous \u00eates l&rsquo;un des participants de CBC, veuillez nous \u00e9crire \u00e0 <a href=\"mailto:membership@cbl-initiatives.org\">membership@cbl-initiatives.org<\/a><\/p>\t\t\t\t\t\t\t\t<\/div>\n\t\t\t\t<\/div>\n\t\t\t\t\t<\/div>\n\t\t\t\t<\/div>\n\t\t<div class=\"elementor-element elementor-element-8acf65d e-flex e-con-boxed e-con e-parent\" data-id=\"8acf65d\" data-element_type=\"container\" data-e-type=\"container\">\n\t\t\t\t\t<div class=\"e-con-inner\">\n\t\t\t\t<div class=\"elementor-element elementor-element-3ccf477 elementor-widget elementor-widget-heading\" data-id=\"3ccf477\" data-element_type=\"widget\" data-e-type=\"widget\" data-widget_type=\"heading.default\">\n\t\t\t\t<div class=\"elementor-widget-container\">\n\t\t\t\t\t<h3 class=\"elementor-heading-title elementor-size-default\">D\u00e9couvrez les activit\u00e9s r\u00e9centes de nos membres<\/h3>\t\t\t\t<\/div>\n\t\t\t\t<\/div>\n\t\t\t\t\t<\/div>\n\t\t\t\t<\/div>\n\t\t<div class=\"elementor-element elementor-element-3e20e0b e-flex e-con-boxed e-con e-parent\" data-id=\"3e20e0b\" data-element_type=\"container\" data-e-type=\"container\">\n\t\t\t\t\t<div class=\"e-con-inner\">\n\t\t<div class=\"elementor-element elementor-element-e2df99f e-con-full e-flex e-con e-child\" data-id=\"e2df99f\" data-element_type=\"container\" data-e-type=\"container\">\n\t\t\t\t<div class=\"elementor-element elementor-element-1c5580a elementor-position-top elementor-widget elementor-widget-image-box\" data-id=\"1c5580a\" data-element_type=\"widget\" data-e-type=\"widget\" data-widget_type=\"image-box.default\">\n\t\t\t\t<div class=\"elementor-widget-container\">\n\t\t\t\t\t<div class=\"elementor-image-box-wrapper\"><figure class=\"elementor-image-box-img\"><img decoding=\"async\" width=\"762\" height=\"1080\" src=\"https:\/\/cbl-initiative.org\/wp-content\/uploads\/2024\/07\/FKR.jpg\" class=\"attachment-full size-full wp-image-1263\" alt=\"\" srcset=\"https:\/\/cbl-initiative.org\/wp-content\/uploads\/2024\/07\/FKR.jpg 762w, https:\/\/cbl-initiative.org\/wp-content\/uploads\/2024\/07\/FKR-212x300.jpg 212w, https:\/\/cbl-initiative.org\/wp-content\/uploads\/2024\/07\/FKR-722x1024.jpg 722w\" sizes=\"(max-width: 762px) 100vw, 762px\" \/><\/figure><div class=\"elementor-image-box-content\"><h4 class=\"elementor-image-box-title\">FKR<\/h4><p class=\"elementor-image-box-description\">Vincent Kunda, cofondateur de l'association Kongo Rivr, est un op\u00e9rateur culturel de la R\u00e9publique d\u00e9mocratique du Congo. Kongo River organise le Festival Kongo River 4\u00e8me \u00e9dition. Il s'agit d'une activit\u00e9 annuelle visant \u00e0 gagner l'esprit des habitants des deux Congo sur les questions de conservation, en tirant parti de la puissance du fleuve Congo. Pour en savoir plus, cliquez sur lire plus.<\/p><\/div><\/div>\t\t\t\t<\/div>\n\t\t\t\t<\/div>\n\t\t\t\t<div class=\"elementor-element elementor-element-4b4d7e9 elementor-align-center elementor-mobile-align-center elementor-widget elementor-widget-button\" data-id=\"4b4d7e9\" data-element_type=\"widget\" data-e-type=\"widget\" data-widget_type=\"button.default\">\n\t\t\t\t<div class=\"elementor-widget-container\">\n\t\t\t\t\t\t\t\t\t<div class=\"elementor-button-wrapper\">\n\t\t\t\t\t<a class=\"elementor-button elementor-button-link elementor-size-md\" href=\"https:\/\/kongoriver.com\/presentation-fkr-4\/\" target=\"_blank\">\n\t\t\t\t\t\t<span class=\"elementor-button-content-wrapper\">\n\t\t\t\t\t\t\t\t\t<span class=\"elementor-button-text\">Lire plus<\/span>\n\t\t\t\t\t<\/span>\n\t\t\t\t\t<\/a>\n\t\t\t\t<\/div>\n\t\t\t\t\t\t\t\t<\/div>\n\t\t\t\t<\/div>\n\t\t\t\t<\/div>\n\t\t<div class=\"elementor-element elementor-element-aa5c903 e-con-full e-flex e-con e-child\" data-id=\"aa5c903\" data-element_type=\"container\" data-e-type=\"container\">\n\t\t\t\t<div class=\"elementor-element elementor-element-997c574 elementor-position-top elementor-widget elementor-widget-image-box\" data-id=\"997c574\" data-element_type=\"widget\" data-e-type=\"widget\" data-widget_type=\"image-box.default\">\n\t\t\t\t<div class=\"elementor-widget-container\">\n\t\t\t\t\t<div class=\"elementor-image-box-wrapper\"><figure class=\"elementor-image-box-img\"><img decoding=\"async\" width=\"2560\" height=\"1707\" src=\"https:\/\/cbl-initiative.org\/wp-content\/uploads\/2024\/07\/GUK-PUK-compressed-scaled.jpg\" class=\"attachment-full size-full wp-image-1273\" alt=\"\" srcset=\"https:\/\/cbl-initiative.org\/wp-content\/uploads\/2024\/07\/GUK-PUK-compressed-scaled.jpg 2560w, https:\/\/cbl-initiative.org\/wp-content\/uploads\/2024\/07\/GUK-PUK-compressed-300x200.jpg 300w, https:\/\/cbl-initiative.org\/wp-content\/uploads\/2024\/07\/GUK-PUK-compressed-1024x683.jpg 1024w, https:\/\/cbl-initiative.org\/wp-content\/uploads\/2024\/07\/GUK-PUK-compressed-768x512.jpg 768w, https:\/\/cbl-initiative.org\/wp-content\/uploads\/2024\/07\/GUK-PUK-compressed-1536x1024.jpg 1536w, https:\/\/cbl-initiative.org\/wp-content\/uploads\/2024\/07\/GUK-PUK-compressed-2048x1365.jpg 2048w\" sizes=\"(max-width: 2560px) 100vw, 2560px\" \/><\/figure><div class=\"elementor-image-box-content\"><h4 class=\"elementor-image-box-title\">GUK PUK<\/h4><p class=\"elementor-image-box-description\">L'organisation \u00e0 but non lucratif Groupe Utalii Kwetu a c\u00e9l\u00e9br\u00e9 la Journ\u00e9e mondiale de l'environnement avec la grande finale de la deuxi\u00e8me \u00e9dition du concours Utalii Kwetu. Le concours Utalii Kwetu vise \u00e0 gagner l'esprit de la prochaine g\u00e9n\u00e9ration de dirigeants congolais en les sensibilisant \u00e0 l'environnement.\nDepuis 2021, le Groupe Utalii Kwetu a travaill\u00e9 avec plus de 10 000 enfants dispers\u00e9s dans 30 \u00e9coles de la ville de Goma et du territoire de Nyiragongo pour soutenir la sensibilisation environnementale de la prochaine g\u00e9n\u00e9ration de leaders congolais. Pour en savoir plus, cliquez ici.<\/p><\/div><\/div>\t\t\t\t<\/div>\n\t\t\t\t<\/div>\n\t\t\t\t<div class=\"elementor-element elementor-element-9701934 elementor-align-center elementor-mobile-align-center elementor-widget elementor-widget-button\" data-id=\"9701934\" data-element_type=\"widget\" data-e-type=\"widget\" data-widget_type=\"button.default\">\n\t\t\t\t<div class=\"elementor-widget-container\">\n\t\t\t\t\t\t\t\t\t<div class=\"elementor-button-wrapper\">\n\t\t\t\t\t<a class=\"elementor-button elementor-button-link elementor-size-md\" href=\"http:\/\/groupeutaliikwetu.org\/\" target=\"_blank\">\n\t\t\t\t\t\t<span class=\"elementor-button-content-wrapper\">\n\t\t\t\t\t\t\t\t\t<span class=\"elementor-button-text\">Lire plus<\/span>\n\t\t\t\t\t<\/span>\n\t\t\t\t\t<\/a>\n\t\t\t\t<\/div>\n\t\t\t\t\t\t\t\t<\/div>\n\t\t\t\t<\/div>\n\t\t\t\t<\/div>\n\t\t\t\t\t<\/div>\n\t\t\t\t<\/div>\n\t\t<div class=\"elementor-element elementor-element-f400fe0 e-flex e-con-boxed e-con e-parent\" data-id=\"f400fe0\" data-element_type=\"container\" data-e-type=\"container\">\n\t\t\t\t\t<div class=\"e-con-inner\">\n\t\t\t\t<div class=\"elementor-element elementor-element-98ba155 elementor-widget elementor-widget-heading\" data-id=\"98ba155\" data-element_type=\"widget\" data-e-type=\"widget\" data-widget_type=\"heading.default\">\n\t\t\t\t<div class=\"elementor-widget-container\">\n\t\t\t\t\t<h3 class=\"elementor-heading-title elementor-size-default\">Nos dernieres nouvelles<\/h3>\t\t\t\t<\/div>\n\t\t\t\t<\/div>\n\t\t\t\t\t<\/div>\n\t\t\t\t<\/div>\n\t\t<div class=\"elementor-element elementor-element-154f9be e-flex e-con-boxed e-con e-parent\" data-id=\"154f9be\" data-element_type=\"container\" data-e-type=\"container\">\n\t\t\t\t\t<div class=\"e-con-inner\">\n\t\t<div class=\"elementor-element elementor-element-cf80a01 e-con-full e-flex e-con e-child\" data-id=\"cf80a01\" data-element_type=\"container\" data-e-type=\"container\">\n\t\t\t\t<div class=\"elementor-element elementor-element-9a5c488 elementor-position-top elementor-widget elementor-widget-image-box\" data-id=\"9a5c488\" data-element_type=\"widget\" data-e-type=\"widget\" data-widget_type=\"image-box.default\">\n\t\t\t\t<div class=\"elementor-widget-container\">\n\t\t\t\t\t<div class=\"elementor-image-box-wrapper\"><figure class=\"elementor-image-box-img\"><img decoding=\"async\" width=\"762\" height=\"1080\" src=\"https:\/\/cbl-initiative.org\/wp-content\/uploads\/2024\/07\/FKR.jpg\" class=\"attachment-full size-full wp-image-1263\" alt=\"\" srcset=\"https:\/\/cbl-initiative.org\/wp-content\/uploads\/2024\/07\/FKR.jpg 762w, https:\/\/cbl-initiative.org\/wp-content\/uploads\/2024\/07\/FKR-212x300.jpg 212w, https:\/\/cbl-initiative.org\/wp-content\/uploads\/2024\/07\/FKR-722x1024.jpg 722w\" sizes=\"(max-width: 762px) 100vw, 762px\" \/><\/figure><div class=\"elementor-image-box-content\"><h4 class=\"elementor-image-box-title\">FKR<\/h4><p class=\"elementor-image-box-description\">Vincent Kunda, cofondateur de l'association Kongo Rivr, est un op\u00e9rateur culturel de la R\u00e9publique d\u00e9mocratique du Congo. Kongo River organise le Festival Kongo River 4\u00e8me \u00e9dition. Il s'agit d'une activit\u00e9 annuelle visant \u00e0 gagner l'esprit des habitants des deux Congo sur les questions de conservation, en tirant parti de la puissance du fleuve Congo. Pour en savoir plus, cliquez sur lire plus.<\/p><\/div><\/div>\t\t\t\t<\/div>\n\t\t\t\t<\/div>\n\t\t\t\t<div class=\"elementor-element elementor-element-c9ffdf3 elementor-align-center elementor-mobile-align-center elementor-widget elementor-widget-button\" data-id=\"c9ffdf3\" data-element_type=\"widget\" data-e-type=\"widget\" data-widget_type=\"button.default\">\n\t\t\t\t<div class=\"elementor-widget-container\">\n\t\t\t\t\t\t\t\t\t<div class=\"elementor-button-wrapper\">\n\t\t\t\t\t<a class=\"elementor-button elementor-size-md\" role=\"button\">\n\t\t\t\t\t\t<span class=\"elementor-button-content-wrapper\">\n\t\t\t\t\t\t\t\t\t<span class=\"elementor-button-text\">Lire plus<\/span>\n\t\t\t\t\t<\/span>\n\t\t\t\t\t<\/a>\n\t\t\t\t<\/div>\n\t\t\t\t\t\t\t\t<\/div>\n\t\t\t\t<\/div>\n\t\t\t\t<\/div>\n\t\t<div class=\"elementor-element elementor-element-7229504 e-con-full e-flex e-con e-child\" data-id=\"7229504\" data-element_type=\"container\" data-e-type=\"container\">\n\t\t\t\t<div class=\"elementor-element elementor-element-d1a6a8d elementor-position-top elementor-widget elementor-widget-image-box\" data-id=\"d1a6a8d\" data-element_type=\"widget\" data-e-type=\"widget\" data-widget_type=\"image-box.default\">\n\t\t\t\t<div class=\"elementor-widget-container\">\n\t\t\t\t\t<div class=\"elementor-image-box-wrapper\"><figure class=\"elementor-image-box-img\"><img decoding=\"async\" width=\"2560\" height=\"1707\" src=\"https:\/\/cbl-initiative.org\/wp-content\/uploads\/2024\/07\/GUK-PUK-compressed-scaled.jpg\" class=\"attachment-full size-full wp-image-1273\" alt=\"\" srcset=\"https:\/\/cbl-initiative.org\/wp-content\/uploads\/2024\/07\/GUK-PUK-compressed-scaled.jpg 2560w, https:\/\/cbl-initiative.org\/wp-content\/uploads\/2024\/07\/GUK-PUK-compressed-300x200.jpg 300w, https:\/\/cbl-initiative.org\/wp-content\/uploads\/2024\/07\/GUK-PUK-compressed-1024x683.jpg 1024w, https:\/\/cbl-initiative.org\/wp-content\/uploads\/2024\/07\/GUK-PUK-compressed-768x512.jpg 768w, https:\/\/cbl-initiative.org\/wp-content\/uploads\/2024\/07\/GUK-PUK-compressed-1536x1024.jpg 1536w, https:\/\/cbl-initiative.org\/wp-content\/uploads\/2024\/07\/GUK-PUK-compressed-2048x1365.jpg 2048w\" sizes=\"(max-width: 2560px) 100vw, 2560px\" \/><\/figure><div class=\"elementor-image-box-content\"><h4 class=\"elementor-image-box-title\">GUK PUK<\/h4><p class=\"elementor-image-box-description\">L'organisation \u00e0 but non lucratif Groupe Utalii Kwetu a c\u00e9l\u00e9br\u00e9 la Journ\u00e9e mondiale de l'environnement avec la grande finale de la deuxi\u00e8me \u00e9dition du concours Utalii Kwetu. Le concours Utalii Kwetu vise \u00e0 gagner l'esprit de la prochaine g\u00e9n\u00e9ration de dirigeants congolais en les sensibilisant \u00e0 l'environnement.\nDepuis 2021, le Groupe Utalii Kwetu a travaill\u00e9 avec plus de 10 000 enfants dispers\u00e9s dans 30 \u00e9coles de la ville de Goma et du territoire de Nyiragongo pour soutenir la sensibilisation environnementale de la prochaine g\u00e9n\u00e9ration de leaders congolais. Pour en savoir plus, cliquez ici.<\/p><\/div><\/div>\t\t\t\t<\/div>\n\t\t\t\t<\/div>\n\t\t\t\t<div class=\"elementor-element elementor-element-3521312 elementor-align-center elementor-mobile-align-center elementor-widget elementor-widget-button\" data-id=\"3521312\" data-element_type=\"widget\" data-e-type=\"widget\" data-widget_type=\"button.default\">\n\t\t\t\t<div class=\"elementor-widget-container\">\n\t\t\t\t\t\t\t\t\t<div class=\"elementor-button-wrapper\">\n\t\t\t\t\t<a class=\"elementor-button elementor-size-md\" role=\"button\">\n\t\t\t\t\t\t<span class=\"elementor-button-content-wrapper\">\n\t\t\t\t\t\t\t\t\t<span class=\"elementor-button-text\">Lire plus<\/span>\n\t\t\t\t\t<\/span>\n\t\t\t\t\t<\/a>\n\t\t\t\t<\/div>\n\t\t\t\t\t\t\t\t<\/div>\n\t\t\t\t<\/div>\n\t\t\t\t<\/div>\n\t\t\t\t\t<\/div>\n\t\t\t\t<\/div>\n\t\t\t\t<\/div>","protected":false},"excerpt":{"rendered":"<p>En avril 2024, les Initiatives des Leaders du Bassin du Congo rassemblent 33 membres fondateurs, signataires de notre charte constitutive. Ils s&rsquo;\u00e9tendent sur 5 pays (RD Congo, Congo-Brazzaville, Gabon, Cameroun et Guin\u00e9e). \u00a0 Nous vous remercions de l&rsquo;int\u00e9r\u00eat que vous portez \u00e0 CBLI. Le portail de demande d&rsquo;adh\u00e9sion est actuellement ferm\u00e9 (sauf pour les participants [&hellip;]<\/p>\n","protected":false},"author":1,"featured_media":1281,"parent":0,"menu_order":0,"comment_status":"closed","ping_status":"closed","template":"","meta":{"footnotes":""},"class_list":["post-967","page","type-page","status-publish","has-post-thumbnail","hentry"],"blocksy_meta":{"styles_descriptor":{"styles":{"desktop":"","tablet":"","mobile":""},"google_fonts":[],"version":6},"disable_featured_image":"yes","disable_header":"no","has_hero_section":"disabled"},"_links":{"self":[{"href":"https:\/\/cbl-initiative.org\/en_en\/wp-json\/wp\/v2\/pages\/967","targetHints":{"allow":["GET"]}}],"collection":[{"href":"https:\/\/cbl-initiative.org\/en_en\/wp-json\/wp\/v2\/pages"}],"about":[{"href":"https:\/\/cbl-initiative.org\/en_en\/wp-json\/wp\/v2\/types\/page"}],"author":[{"embeddable":true,"href":"https:\/\/cbl-initiative.org\/en_en\/wp-json\/wp\/v2\/users\/1"}],"replies":[{"embeddable":true,"href":"https:\/\/cbl-initiative.org\/en_en\/wp-json\/wp\/v2\/comments?post=967"}],"version-history":[{"count":7,"href":"https:\/\/cbl-initiative.org\/en_en\/wp-json\/wp\/v2\/pages\/967\/revisions"}],"predecessor-version":[{"id":1490,"href":"https:\/\/cbl-initiative.org\/en_en\/wp-json\/wp\/v2\/pages\/967\/revisions\/1490"}],"wp:featuredmedia":[{"embeddable":true,"href":"https:\/\/cbl-initiative.org\/en_en\/wp-json\/wp\/v2\/media\/1281"}],"wp:attachment":[{"href":"https:\/\/cbl-initiative.org\/en_en\/wp-json\/wp\/v2\/media?parent=967"}],"curies":[{"name":"wp","href":"https:\/\/api.w.org\/{rel}","templated":true}]}}