{"id":1545,"date":"2024-07-12T06:50:40","date_gmt":"2024-07-12T06:50:40","guid":{"rendered":"https:\/\/cbl-initiative.org\/?page_id=1545"},"modified":"2024-07-12T14:01:47","modified_gmt":"2024-07-12T14:01:47","slug":"thematic-6","status":"publish","type":"page","link":"https:\/\/cbl-initiative.org\/en_en\/thematic-6\/","title":{"rendered":"Thematic 6"},"content":{"rendered":"<div data-elementor-type=\"wp-page\" data-elementor-id=\"1545\" class=\"elementor elementor-1545\">\n\t\t\t\t<div class=\"elementor-element elementor-element-5165b52 e-con-full e-flex e-con e-parent\" data-id=\"5165b52\" data-element_type=\"container\" data-e-type=\"container\">\n\t\t\t\t<div class=\"elementor-element elementor-element-6f47e49 elementor-widget elementor-widget-heading\" data-id=\"6f47e49\" data-element_type=\"widget\" data-e-type=\"widget\" data-widget_type=\"heading.default\">\n\t\t\t\t<div class=\"elementor-widget-container\">\n\t\t\t\t\t<h2 class=\"elementor-heading-title elementor-size-default\">Group VI: Socio-economic rights of local, indigenous and riparian populations and valuation of traditional knowledge<\/h2>\t\t\t\t<\/div>\n\t\t\t\t<\/div>\n\t\t\t\t<div class=\"elementor-element elementor-element-b71aa31 elementor-widget elementor-widget-text-editor\" data-id=\"b71aa31\" data-element_type=\"widget\" data-e-type=\"widget\" data-widget_type=\"text-editor.default\">\n\t\t\t\t<div class=\"elementor-widget-container\">\n\t\t\t\t\t\t\t\t\t<p><strong><em>a.\tObjective<\/em><\/strong><\/p><p>To enable the populations established in the Congo Basin region to enjoy their fundamental rights, preserve their culture, and enhance their well-being while supporting efforts to conserve forest and wildlife ecosystems.<\/p><p><strong><em>b. Main identified challenges<\/em><\/strong><\/p><ul><li>Deforestation and forest degradation;<\/li><li>Conflicts with extractive sector actors;<\/li><li>Conflicts between communities;<\/li><li>Lack of mechanisms for the preservation and enhancement of local knowledge;<\/li><li>Weak leadership of Congo Basin Officials;<\/li><li>Lack of mechanisms to promote the rights of indigenous and riparian peoples.<\/li><\/ul><p><em><strong>\u00a0c.\tSolutions\/projects\u2019 ideas<\/strong><\/em><\/p><p>Project to promote fundamental rights, preserve and enhance the endogenous knowledge of indigenous and local communities of the Congo Basin.<\/p><p><strong><em>d.\tCooperation mechanisms<\/em><\/strong><\/p><ul><li>Establishment of a collaborative network at the level of the Congo Basin.<\/li><\/ul><p><strong><em>e.\tBudget <\/em><\/strong><\/p><p class=\"translation-block\">USD 1000,000: project to contribute to the conservation of biodiversity, the fight against climate change and poverty (in the Congo Basin) through the securing of the ancestral rights and spaces of indigenous peoples of the region (pygmies and others).<\/p>\t\t\t\t\t\t\t\t<\/div>\n\t\t\t\t<\/div>\n\t\t\t\t<\/div>\n\t\t<div class=\"elementor-element elementor-element-3f5bfa0 e-flex e-con-boxed e-con e-parent\" data-id=\"3f5bfa0\" data-element_type=\"container\" data-e-type=\"container\">\n\t\t\t\t\t<div class=\"e-con-inner\">\n\t\t\t\t<div class=\"elementor-element elementor-element-bb824fd elementor-widget elementor-widget-heading\" data-id=\"bb824fd\" data-element_type=\"widget\" data-e-type=\"widget\" data-widget_type=\"heading.default\">\n\t\t\t\t<div class=\"elementor-widget-container\">\n\t\t\t\t\t<h5 class=\"elementor-heading-title elementor-size-default\">Other Groups<\/h5>\t\t\t\t<\/div>\n\t\t\t\t<\/div>\n\t\t\t\t<div class=\"elementor-element elementor-element-67297bc elementor-widget elementor-widget-text-editor\" data-id=\"67297bc\" data-element_type=\"widget\" data-e-type=\"widget\" data-widget_type=\"text-editor.default\">\n\t\t\t\t<div class=\"elementor-widget-container\">\n\t\t\t\t\t\t\t\t\t<ul><li><a href=\"https:\/\/cbl-initiative.org\/en_en\/thematic-1\/\"><strong>Grroup 1<\/strong><\/a><\/li><li><a href=\"https:\/\/cbl-initiative.org\/en_en\/thematic-2\/\"><strong>Group 2<\/strong><\/a><\/li><li><a href=\"https:\/\/cbl-initiative.org\/en_en\/thematic-3\/\"><strong>Group 3<\/strong><\/a><\/li><li><a href=\"https:\/\/cbl-initiative.org\/en_en\/thematic-4\/\"><strong>Group 4<\/strong><\/a><\/li><li><a href=\"https:\/\/cbl-initiative.org\/en_en\/thematic-5\/\"><strong>Group 5<\/strong><\/a><\/li><li><a href=\"https:\/\/cbl-initiative.org\/en_en\/thematic-6\/\"><strong>Group 6<\/strong><\/a><\/li><\/ul>\t\t\t\t\t\t\t\t<\/div>\n\t\t\t\t<\/div>\n\t\t\t\t\t<\/div>\n\t\t\t\t<\/div>\n\t\t\t\t<\/div>","protected":false},"excerpt":{"rendered":"<p>Groupe VI : Droits socio-\u00e9conomiques des populations locales, autochtones et riverains et valorisation des savoirs traditionnels a. Objectif assign\u00e9 Permettre aux populations \u00e9tablies dans la r\u00e9gion du Bassin du Congo de jouir de leurs droits fondamentaux, pr\u00e9server leur culture et valoriser leur bien-\u00eatre tout en soutenant les efforts de conservation des \u00e9cosyst\u00e8mes forestiers et fauniques [&hellip;]<\/p>\n","protected":false},"author":1,"featured_media":0,"parent":0,"menu_order":0,"comment_status":"closed","ping_status":"closed","template":"","meta":{"footnotes":""},"class_list":["post-1545","page","type-page","status-publish","hentry"],"blocksy_meta":{"has_hero_section":"disabled","disable_featured_image":"yes","styles_descriptor":{"styles":{"desktop":"","tablet":"","mobile":""},"google_fonts":[],"version":6}},"_links":{"self":[{"href":"https:\/\/cbl-initiative.org\/en_en\/wp-json\/wp\/v2\/pages\/1545","targetHints":{"allow":["GET"]}}],"collection":[{"href":"https:\/\/cbl-initiative.org\/en_en\/wp-json\/wp\/v2\/pages"}],"about":[{"href":"https:\/\/cbl-initiative.org\/en_en\/wp-json\/wp\/v2\/types\/page"}],"author":[{"embeddable":true,"href":"https:\/\/cbl-initiative.org\/en_en\/wp-json\/wp\/v2\/users\/1"}],"replies":[{"embeddable":true,"href":"https:\/\/cbl-initiative.org\/en_en\/wp-json\/wp\/v2\/comments?post=1545"}],"version-history":[{"count":10,"href":"https:\/\/cbl-initiative.org\/en_en\/wp-json\/wp\/v2\/pages\/1545\/revisions"}],"predecessor-version":[{"id":1616,"href":"https:\/\/cbl-initiative.org\/en_en\/wp-json\/wp\/v2\/pages\/1545\/revisions\/1616"}],"wp:attachment":[{"href":"https:\/\/cbl-initiative.org\/en_en\/wp-json\/wp\/v2\/media?parent=1545"}],"curies":[{"name":"wp","href":"https:\/\/api.w.org\/{rel}","templated":true}]}}