{"id":1536,"date":"2024-07-12T06:45:48","date_gmt":"2024-07-12T06:45:48","guid":{"rendered":"https:\/\/cbl-initiative.org\/?page_id=1536"},"modified":"2024-07-12T13:59:45","modified_gmt":"2024-07-12T13:59:45","slug":"thematic-5","status":"publish","type":"page","link":"https:\/\/cbl-initiative.org\/en_en\/thematic-5\/","title":{"rendered":"Thematic 5"},"content":{"rendered":"<div data-elementor-type=\"wp-page\" data-elementor-id=\"1536\" class=\"elementor elementor-1536\">\n\t\t\t\t<div class=\"elementor-element elementor-element-61d327a e-con-full e-flex e-con e-parent\" data-id=\"61d327a\" data-element_type=\"container\" data-e-type=\"container\">\n\t\t\t\t<div class=\"elementor-element elementor-element-7bc432e elementor-widget elementor-widget-heading\" data-id=\"7bc432e\" data-element_type=\"widget\" data-e-type=\"widget\" data-widget_type=\"heading.default\">\n\t\t\t\t<div class=\"elementor-widget-container\">\n\t\t\t\t\t<h2 class=\"elementor-heading-title elementor-size-default\">Group V: Culture and Environmental Education<\/h2>\t\t\t\t<\/div>\n\t\t\t\t<\/div>\n\t\t\t\t<div class=\"elementor-element elementor-element-7d6c5ec elementor-widget elementor-widget-text-editor\" data-id=\"7d6c5ec\" data-element_type=\"widget\" data-e-type=\"widget\" data-widget_type=\"text-editor.default\">\n\t\t\t\t<div class=\"elementor-widget-container\">\n\t\t\t\t\t\t\t\t\t<p><strong><em>a.\tObjective<\/em><\/strong><\/p><p>To promote the protection and preservation of the Congo Basin through environmental education and art.<\/p><p><strong><em>b. Main identified challenges<\/em><\/strong><\/p><ul><li>Environmental degradation;<\/li><li>Loss of biodiversity in the region;<\/li><li>Lack of environmental awareness by various conservation stakeholders.<\/li><\/ul><p><em><strong>\u00a0c.\tSolutions\/projects\u2019 ideas<\/strong><\/em><\/p><ul><li>Environmental education programme focusing on the preservation of the traditional knowledge and local cultural practices of the peoples of the Congo Basin;<\/li><li>Creation of an annual festival called 'Congo Basin Festival' putting culture at the service of environmental protection.<\/li><\/ul><p><strong><em>d.\tCooperation mechanisms<\/em><\/strong><\/p><ul><li>Establishment of a cooperation network at regional level.<\/li><\/ul><p><strong><em>e.\tBudget <\/em><\/strong><\/p><p>Not offered.<\/p>\t\t\t\t\t\t\t\t<\/div>\n\t\t\t\t<\/div>\n\t\t\t\t<\/div>\n\t\t<div class=\"elementor-element elementor-element-b2333bd e-flex e-con-boxed e-con e-parent\" data-id=\"b2333bd\" data-element_type=\"container\" data-e-type=\"container\">\n\t\t\t\t\t<div class=\"e-con-inner\">\n\t\t\t\t<div class=\"elementor-element elementor-element-1f65c8c elementor-widget elementor-widget-heading\" data-id=\"1f65c8c\" data-element_type=\"widget\" data-e-type=\"widget\" data-widget_type=\"heading.default\">\n\t\t\t\t<div class=\"elementor-widget-container\">\n\t\t\t\t\t<h5 class=\"elementor-heading-title elementor-size-default\">Other Groups<\/h5>\t\t\t\t<\/div>\n\t\t\t\t<\/div>\n\t\t\t\t<div class=\"elementor-element elementor-element-1bbe656 elementor-widget elementor-widget-text-editor\" data-id=\"1bbe656\" data-element_type=\"widget\" data-e-type=\"widget\" data-widget_type=\"text-editor.default\">\n\t\t\t\t<div class=\"elementor-widget-container\">\n\t\t\t\t\t\t\t\t\t<ul><li><a href=\"https:\/\/cbl-initiative.org\/en_en\/thematic-1\/\"><strong>Grroup 1<\/strong><\/a><\/li><li><a href=\"https:\/\/cbl-initiative.org\/en_en\/thematic-2\/\"><strong>Group 2<\/strong><\/a><\/li><li><a href=\"https:\/\/cbl-initiative.org\/en_en\/thematic-3\/\"><strong>Group 3<\/strong><\/a><\/li><li><a href=\"https:\/\/cbl-initiative.org\/en_en\/thematic-4\/\"><strong>Group 4<\/strong><\/a><\/li><li><a href=\"https:\/\/cbl-initiative.org\/en_en\/thematic-5\/\"><strong>Group 5<\/strong><\/a><\/li><li><a href=\"https:\/\/cbl-initiative.org\/en_en\/thematic-6\/\"><strong>Group 6<\/strong><\/a><\/li><\/ul>\t\t\t\t\t\t\t\t<\/div>\n\t\t\t\t<\/div>\n\t\t\t\t\t<\/div>\n\t\t\t\t<\/div>\n\t\t\t\t<\/div>","protected":false},"excerpt":{"rendered":"<p>Groupe V : Culture et \u00c9ducation environnementale a. Objectif assign\u00e9 Promouvoir la protection et la pr\u00e9servation du Bassin du Congo \u00e0 travers l\u2019\u00e9ducation environnementale et l\u2019art. b. Probl\u00e8mes et d\u00e9fis relev\u00e9s D\u00e9gradation de l&rsquo;environnement\u00a0; Perte de biodiversit\u00e9 dans la r\u00e9gion\u00a0; Faible connaissance des enjeux environnementaux par les acteurs (population). \u00a0c. Piste de solution\/projets Programme d&rsquo;\u00e9ducation [&hellip;]<\/p>\n","protected":false},"author":1,"featured_media":0,"parent":0,"menu_order":0,"comment_status":"closed","ping_status":"closed","template":"","meta":{"footnotes":""},"class_list":["post-1536","page","type-page","status-publish","hentry"],"blocksy_meta":{"has_hero_section":"disabled","disable_featured_image":"yes","styles_descriptor":{"styles":{"desktop":"","tablet":"","mobile":""},"google_fonts":[],"version":6}},"_links":{"self":[{"href":"https:\/\/cbl-initiative.org\/en_en\/wp-json\/wp\/v2\/pages\/1536","targetHints":{"allow":["GET"]}}],"collection":[{"href":"https:\/\/cbl-initiative.org\/en_en\/wp-json\/wp\/v2\/pages"}],"about":[{"href":"https:\/\/cbl-initiative.org\/en_en\/wp-json\/wp\/v2\/types\/page"}],"author":[{"embeddable":true,"href":"https:\/\/cbl-initiative.org\/en_en\/wp-json\/wp\/v2\/users\/1"}],"replies":[{"embeddable":true,"href":"https:\/\/cbl-initiative.org\/en_en\/wp-json\/wp\/v2\/comments?post=1536"}],"version-history":[{"count":10,"href":"https:\/\/cbl-initiative.org\/en_en\/wp-json\/wp\/v2\/pages\/1536\/revisions"}],"predecessor-version":[{"id":1613,"href":"https:\/\/cbl-initiative.org\/en_en\/wp-json\/wp\/v2\/pages\/1536\/revisions\/1613"}],"wp:attachment":[{"href":"https:\/\/cbl-initiative.org\/en_en\/wp-json\/wp\/v2\/media?parent=1536"}],"curies":[{"name":"wp","href":"https:\/\/api.w.org\/{rel}","templated":true}]}}