{"id":1506,"date":"2024-07-12T06:13:29","date_gmt":"2024-07-12T06:13:29","guid":{"rendered":"https:\/\/cbl-initiative.org\/?page_id=1506"},"modified":"2024-07-12T13:57:37","modified_gmt":"2024-07-12T13:57:37","slug":"thematic-2","status":"publish","type":"page","link":"https:\/\/cbl-initiative.org\/en_en\/thematic-2\/","title":{"rendered":"Thematic 2"},"content":{"rendered":"\t\t<div data-elementor-type=\"wp-page\" data-elementor-id=\"1506\" class=\"elementor elementor-1506\">\n\t\t\t\t<div class=\"elementor-element elementor-element-5868be8 e-con-full e-flex e-con e-parent\" data-id=\"5868be8\" data-element_type=\"container\" data-e-type=\"container\">\n\t\t\t\t<div class=\"elementor-element elementor-element-fe09822 elementor-widget elementor-widget-heading\" data-id=\"fe09822\" data-element_type=\"widget\" data-e-type=\"widget\" data-widget_type=\"heading.default\">\n\t\t\t\t<div class=\"elementor-widget-container\">\n\t\t\t\t\t<h2 class=\"elementor-heading-title elementor-size-default\">Groupe II : Gestion et valorisation des d\u00e9chets<\/h2>\t\t\t\t<\/div>\n\t\t\t\t<\/div>\n\t\t\t\t<div class=\"elementor-element elementor-element-b6d0d62 elementor-widget elementor-widget-text-editor\" data-id=\"b6d0d62\" data-element_type=\"widget\" data-e-type=\"widget\" data-widget_type=\"text-editor.default\">\n\t\t\t\t<div class=\"elementor-widget-container\">\n\t\t\t\t\t\t\t\t\t<p><strong><em>a. Objectif assign\u00e9<\/em><\/strong><\/p><p>Contribuer \u00e0 la lutte contre la pollution par la promotion de la gestion durable et de la valorisation des d\u00e9chets.<\/p><p><strong><em>b. Probl\u00e8mes et d\u00e9fis relev\u00e9s<\/em><\/strong><\/p><ul><li>Faible \u00e9ducation environnementale\u00a0;<\/li><li>Faiblesse institutionnelle et d\u2019application des lois et r\u00e8glements\u00a0;<\/li><li>Insuffisance de subvention du secteur priv\u00e9\u00a0;<\/li><li>Opacit\u00e9 dans la gestion des d\u00e9chets\u00a0;<\/li><li>Surproduction des d\u00e9chets\u00a0;<\/li><li>D\u00e9gradation de cadre de vie\u00a0;<\/li><li>Pollution des \u00e9cosyst\u00e8mes\u00a0;<\/li><li>Manque \u00e0 gagner relatif \u00e0 la non-valorisation des d\u00e9chets.<\/li><\/ul><p><em><strong>\u00a0c. Piste de solution\/projets<\/strong><\/em><\/p><ul><li>Promotion de l\u2019\u00e9conomie circulaire par\u00a0:<ul><li>La valorisation des d\u00e9chets pour la production de l\u2019alimentation animale\u00a0;<\/li><li>La valorisation des d\u00e9chets en ressources \u00e9nerg\u00e9tiques\u00a0;<\/li><li>Plaidoyer pour l\u2019am\u00e9lioration de la gouvernance de d\u00e9chets.<\/li><\/ul><\/li><li>Sensibilisation des populations sur la salubrit\u00e9 et la gestion durable des d\u00e9chets\u00a0;<\/li><\/ul><p><strong><em>d. M\u00e9canismes de coop\u00e9ration<\/em><\/strong><\/p><ul><li>Mise en place d\u2019un r\u00e9seau d\u2019acteurs \u00e9voluant dans le secteur dans la Bassin du Congo<\/li><\/ul><p><strong><em>e. Budget <\/em><\/strong><\/p><p>50 000 USD : \u00e9tudes de faisabilit\u00e9<a href=\"#_ftn1\" name=\"_ftnref1\">[1]<\/a> pour produire un plan directeur solide de gestion des d\u00e9chets du bassin du Congo en s&rsquo;appuyant sur les exp\u00e9riences et l&rsquo;expertise des participants du groupe 2 du Conclave du bassin du Congo. Le plan directeur visera \u00e0 cr\u00e9er une soci\u00e9t\u00e9 en boucle ferm\u00e9e sur la gestion des d\u00e9chets dans le bassin du Congo d&rsquo;ici 2030 \u00e0 travers les \u00e9l\u00e9ments suivants :<\/p><ol><li>Un contr\u00f4le de la production de d\u00e9chets autant que possible (minimisation des d\u00e9chets) : plaidoyer aupr\u00e8s des gouvernements ;<\/li><li>Promouvoir le recyclage des d\u00e9chets g\u00e9n\u00e9r\u00e9s : secteur priv\u00e9 et gouvernements par le biais de politiques d&rsquo;incitation et des subventions ;<\/li><li>Une \u00e9limination s\u00fbre des d\u00e9chets qui ne peuvent pas \u00eatre recycl\u00e9s de mani\u00e8re respectueuse de l&rsquo;environnement (stabilisation des d\u00e9chets) : secteur priv\u00e9 et gouvernement ;<\/li><\/ol><p>Recherche et d\u00e9veloppement continus pour documenter et fournir des preuves sur les solutions et les d\u00e9couvertes de pointe dans le domaine de la gestion des d\u00e9chets\u00a0: Les chercheurs et scientifiques.<\/p>\t\t\t\t\t\t\t\t<\/div>\n\t\t\t\t<\/div>\n\t\t\t\t<\/div>\n\t\t<div class=\"elementor-element elementor-element-f3f4a99 e-flex e-con-boxed e-con e-parent\" data-id=\"f3f4a99\" data-element_type=\"container\" data-e-type=\"container\">\n\t\t\t\t\t<div class=\"e-con-inner\">\n\t\t\t\t<div class=\"elementor-element elementor-element-62eedec elementor-widget elementor-widget-heading\" data-id=\"62eedec\" data-element_type=\"widget\" data-e-type=\"widget\" data-widget_type=\"heading.default\">\n\t\t\t\t<div class=\"elementor-widget-container\">\n\t\t\t\t\t<h5 class=\"elementor-heading-title elementor-size-default\">Voir d'autres Groupes<\/h5>\t\t\t\t<\/div>\n\t\t\t\t<\/div>\n\t\t\t\t<div class=\"elementor-element elementor-element-ee28f6f elementor-widget elementor-widget-text-editor\" data-id=\"ee28f6f\" data-element_type=\"widget\" data-e-type=\"widget\" data-widget_type=\"text-editor.default\">\n\t\t\t\t<div class=\"elementor-widget-container\">\n\t\t\t\t\t\t\t\t\t<ul><li><a href=\"https:\/\/cbl-initiative.org\/thematic-1\/\"><strong>Groupe 1<\/strong><\/a><\/li><li><a href=\"https:\/\/cbl-initiative.org\/thematic-2\/\"><strong>Groupe 2<\/strong><\/a><\/li><li><a href=\"https:\/\/cbl-initiative.org\/thematic-3\/\"><strong>Groupe 3<\/strong><\/a><\/li><li><a href=\"https:\/\/cbl-initiative.org\/thematic-4\/\"><strong>Groupe 4<\/strong><\/a><\/li><li><a href=\"https:\/\/cbl-initiative.org\/thematic-5\/\"><strong>Groupe 5<\/strong><\/a><\/li><li><a href=\"https:\/\/cbl-initiative.org\/thematic-6\/\"><strong>Groupe 6<\/strong><\/a><\/li><\/ul>\t\t\t\t\t\t\t\t<\/div>\n\t\t\t\t<\/div>\n\t\t\t\t\t<\/div>\n\t\t\t\t<\/div>\n\t\t\t\t<\/div>\n\t\t","protected":false},"excerpt":{"rendered":"<p>Groupe II : Gestion et valorisation des d\u00e9chets a. Objectif assign\u00e9 Contribuer \u00e0 la lutte contre la pollution par la promotion de la gestion durable et de la valorisation des d\u00e9chets. b. Probl\u00e8mes et d\u00e9fis relev\u00e9s Faible \u00e9ducation environnementale\u00a0; Faiblesse institutionnelle et d\u2019application des lois et r\u00e8glements\u00a0; Insuffisance de subvention du secteur priv\u00e9\u00a0; Opacit\u00e9 dans [&hellip;]<\/p>\n","protected":false},"author":1,"featured_media":0,"parent":0,"menu_order":0,"comment_status":"closed","ping_status":"closed","template":"","meta":{"footnotes":""},"class_list":["post-1506","page","type-page","status-publish","hentry"],"blocksy_meta":{"disable_featured_image":"yes","has_hero_section":"disabled","styles_descriptor":{"styles":{"desktop":"","tablet":"","mobile":""},"google_fonts":[],"version":6}},"_links":{"self":[{"href":"https:\/\/cbl-initiative.org\/en_en\/wp-json\/wp\/v2\/pages\/1506","targetHints":{"allow":["GET"]}}],"collection":[{"href":"https:\/\/cbl-initiative.org\/en_en\/wp-json\/wp\/v2\/pages"}],"about":[{"href":"https:\/\/cbl-initiative.org\/en_en\/wp-json\/wp\/v2\/types\/page"}],"author":[{"embeddable":true,"href":"https:\/\/cbl-initiative.org\/en_en\/wp-json\/wp\/v2\/users\/1"}],"replies":[{"embeddable":true,"href":"https:\/\/cbl-initiative.org\/en_en\/wp-json\/wp\/v2\/comments?post=1506"}],"version-history":[{"count":13,"href":"https:\/\/cbl-initiative.org\/en_en\/wp-json\/wp\/v2\/pages\/1506\/revisions"}],"predecessor-version":[{"id":1604,"href":"https:\/\/cbl-initiative.org\/en_en\/wp-json\/wp\/v2\/pages\/1506\/revisions\/1604"}],"wp:attachment":[{"href":"https:\/\/cbl-initiative.org\/en_en\/wp-json\/wp\/v2\/media?parent=1506"}],"curies":[{"name":"wp","href":"https:\/\/api.w.org\/{rel}","templated":true}]}}